{"id":286,"date":"2016-10-31T13:17:59","date_gmt":"2016-10-31T16:17:59","guid":{"rendered":"https:\/\/isvillafane-for.infd.edu.ar\/sitio\/?page_id=286"},"modified":"2020-02-25T10:25:55","modified_gmt":"2020-02-25T13:25:55","slug":"inicio","status":"publish","type":"page","link":"https:\/\/isvillafane-for.infd.edu.ar\/sitio\/","title":{"rendered":"Inicio"},"content":{"rendered":"<p><style>.wp-show-posts-columns#wpsp-1486 {margin-left: -2em; }.wp-show-posts-columns#wpsp-1486 .wp-show-posts-inner {margin: 0 0 2em 2em; }<\/style><section id=\"wpsp-1486\" class=\" wp-show-posts-columns wp-show-posts\" style=\"\"><article class=\" wp-show-posts-single post-1549 post type-post status-publish format-quote hentry category-institucionales category-noticias post_format-post-format-quote wpsp-col-6\" itemtype=\"http:\/\/schema.org\/CreativeWork\" itemscope><div class=\"wp-show-posts-inner\" style=\"\">\t\t\t\t\t\t<header class=\"wp-show-posts-entry-header\">\n\t\t\t\t\t\t\t<h2 class=\"wp-show-posts-entry-title\" itemprop=\"headline\"><a href=\"https:\/\/isvillafane-for.infd.edu.ar\/sitio\/docentes-del-nivel-terciario-siguen-por-aulas-virtuales-los-desempenos-academicos-de-sus-estudiantes\/\" rel=\"bookmark\">Docentes del nivel terciario siguen por aulas virtuales los desempe\u00f1os acad\u00e9micos de sus estudiantes<\/a><\/h2><div class=\"wp-show-posts-entry-meta wp-show-posts-entry-meta-below-title post-meta-inline\"><span class=\"wp-show-posts-posted-on wp-show-posts-meta\">\n\t\t\t\t\t<a href=\"https:\/\/isvillafane-for.infd.edu.ar\/sitio\/docentes-del-nivel-terciario-siguen-por-aulas-virtuales-los-desempenos-academicos-de-sus-estudiantes\/\" title=\"11:25 pm\" rel=\"bookmark\"><time class=\"wp-show-posts-entry-date published\" datetime=\"2020-03-25T23:25:49-03:00\" itemprop=\"datePublished\">25 marzo, 2020<\/time><\/a>\n\t\t\t\t<\/span><\/div>\t\t\t\t\t\t<\/header><!-- .entry-header -->\n\t\t\t\t\t\t\t\t\t\t\t<div class=\"wp-show-posts-entry-summary\" itemprop=\"text\">\n\t\t\t\t\t\t\t<p>El inicio del ciclo lectivo para el nivel superior en Formosa arranc\u00f3 tres d\u00edas antes de que el Presidente decrete la cuarentena total como m\u00e9todo preventivo ante el avance del&#8230;<\/p>\n\t\t\t\t\t\t<\/div><!-- .entry-summary -->\n\t\t\t\t\t<div class=\"wpsp-read-more\"><a title=\"Docentes del nivel terciario siguen por aulas virtuales los desempe\u00f1os acad\u00e9micos de sus estudiantes\" class=\"wp-show-posts-read-more\" href=\"https:\/\/isvillafane-for.infd.edu.ar\/sitio\/docentes-del-nivel-terciario-siguen-por-aulas-virtuales-los-desempenos-academicos-de-sus-estudiantes\/\">+<\/a><\/div><\/div><!-- wp-show-posts-inner --><\/article><article class=\" wp-show-posts-single post-1526 post type-post status-publish format-standard hentry category-noticias tag-noticias wpsp-col-6\" itemtype=\"http:\/\/schema.org\/CreativeWork\" itemscope><div class=\"wp-show-posts-inner\" style=\"\">\t\t\t\t\t\t<header class=\"wp-show-posts-entry-header\">\n\t\t\t\t\t\t\t<h2 class=\"wp-show-posts-entry-title\" itemprop=\"headline\"><a href=\"https:\/\/isvillafane-for.infd.edu.ar\/sitio\/inicio-del-curso-introductorio\/\" rel=\"bookmark\">Inicio del Curso Introductorio<\/a><\/h2><div class=\"wp-show-posts-entry-meta wp-show-posts-entry-meta-below-title post-meta-inline\"><span class=\"wp-show-posts-posted-on wp-show-posts-meta\">\n\t\t\t\t\t<a href=\"https:\/\/isvillafane-for.infd.edu.ar\/sitio\/inicio-del-curso-introductorio\/\" title=\"10:16 am\" rel=\"bookmark\"><time class=\"wp-show-posts-entry-date published\" datetime=\"2020-02-28T10:16:58-03:00\" itemprop=\"datePublished\">28 febrero, 2020<\/time><time class=\"wp-show-posts-updated\" datetime=\"2022-09-01T20:08:06-03:00\" itemprop=\"dateModified\">1 septiembre, 2022<\/time><\/a>\n\t\t\t\t<\/span><\/div>\t\t\t\t\t\t<\/header><!-- .entry-header -->\n\t\t\t\t\t\t\t\t\t\t\t<div class=\"wp-show-posts-entry-summary\" itemprop=\"text\">\n\t\t\t\t\t\t\t<p>El d\u00eda de ayer 27 de Febrero se dio inicio al curso introductorio de las carreras de formaci\u00f3n docente y t\u00e9cnica, donde se trataron temas tales como regularidad de materias,&#8230;<\/p>\n\t\t\t\t\t\t<\/div><!-- .entry-summary -->\n\t\t\t\t\t<div class=\"wpsp-read-more\"><a title=\"Inicio del Curso Introductorio\" class=\"wp-show-posts-read-more\" href=\"https:\/\/isvillafane-for.infd.edu.ar\/sitio\/inicio-del-curso-introductorio\/\">+<\/a><\/div><\/div><!-- wp-show-posts-inner --><\/article><article class=\" wp-show-posts-single post-1489 post type-post status-publish format-standard hentry category-noticias category-sin-categoria tag-noticias wpsp-col-6\" itemtype=\"http:\/\/schema.org\/CreativeWork\" itemscope><div class=\"wp-show-posts-inner\" style=\"\">\t\t\t\t\t\t<header class=\"wp-show-posts-entry-header\">\n\t\t\t\t\t\t\t<h2 class=\"wp-show-posts-entry-title\" itemprop=\"headline\"><a href=\"https:\/\/isvillafane-for.infd.edu.ar\/sitio\/acto-de-egresados-2019\/\" rel=\"bookmark\">Acto de Egresados 2019<\/a><\/h2><div class=\"wp-show-posts-entry-meta wp-show-posts-entry-meta-below-title post-meta-inline\"><span class=\"wp-show-posts-posted-on wp-show-posts-meta\">\n\t\t\t\t\t<a href=\"https:\/\/isvillafane-for.infd.edu.ar\/sitio\/acto-de-egresados-2019\/\" title=\"10:32 am\" rel=\"bookmark\"><time class=\"wp-show-posts-entry-date published\" datetime=\"2019-12-10T10:32:36-03:00\" itemprop=\"datePublished\">10 diciembre, 2019<\/time><time class=\"wp-show-posts-updated\" datetime=\"2022-09-01T20:05:23-03:00\" itemprop=\"dateModified\">1 septiembre, 2022<\/time><\/a>\n\t\t\t\t<\/span><\/div>\t\t\t\t\t\t<\/header><!-- .entry-header -->\n\t\t\t\t\t\t\t\t\t\t\t<div class=\"wp-show-posts-entry-summary\" itemprop=\"text\">\n\t\t\t\t\t\t\t\t\t\t\t\t\t<\/div><!-- .entry-summary -->\n\t\t\t\t\t<div class=\"wpsp-read-more\"><a title=\"Acto de Egresados 2019\" class=\"wp-show-posts-read-more\" href=\"https:\/\/isvillafane-for.infd.edu.ar\/sitio\/acto-de-egresados-2019\/\">+<\/a><\/div><\/div><!-- wp-show-posts-inner --><\/article><article class=\" wp-show-posts-single post-1494 post type-post status-publish format-image hentry category-noticias tag-noticias post_format-post-format-image wpsp-col-6\" itemtype=\"http:\/\/schema.org\/CreativeWork\" itemscope><div class=\"wp-show-posts-inner\" style=\"\">\t\t\t\t\t\t<header class=\"wp-show-posts-entry-header\">\n\t\t\t\t\t\t\t<h2 class=\"wp-show-posts-entry-title\" itemprop=\"headline\"><a href=\"https:\/\/isvillafane-for.infd.edu.ar\/sitio\/1er-encuentro-de-vinculacion-de-los-isfd-y-t-zona-sur-de-la-provincia-de-formosa\/\" rel=\"bookmark\">1er Encuentro de vinculaci\u00f3n de los ISFD y T, Zona Sur de la provincia de Formosa<\/a><\/h2><div class=\"wp-show-posts-entry-meta wp-show-posts-entry-meta-below-title post-meta-inline\"><span class=\"wp-show-posts-posted-on wp-show-posts-meta\">\n\t\t\t\t\t<a href=\"https:\/\/isvillafane-for.infd.edu.ar\/sitio\/1er-encuentro-de-vinculacion-de-los-isfd-y-t-zona-sur-de-la-provincia-de-formosa\/\" title=\"10:36 am\" rel=\"bookmark\"><time class=\"wp-show-posts-entry-date published\" datetime=\"2019-11-08T10:36:57-03:00\" itemprop=\"datePublished\">8 noviembre, 2019<\/time><time class=\"wp-show-posts-updated\" datetime=\"2022-09-01T20:05:32-03:00\" itemprop=\"dateModified\">1 septiembre, 2022<\/time><\/a>\n\t\t\t\t<\/span><\/div>\t\t\t\t\t\t<\/header><!-- .entry-header -->\n\t\t\t\t\t\t\t\t\t\t\t<div class=\"wp-show-posts-entry-summary\" itemprop=\"text\">\n\t\t\t\t\t\t\t\t\t\t\t\t\t<\/div><!-- .entry-summary -->\n\t\t\t\t\t<div class=\"wpsp-read-more\"><a title=\"1er Encuentro de vinculaci\u00f3n de los ISFD y T, Zona Sur de la provincia de Formosa\" class=\"wp-show-posts-read-more\" href=\"https:\/\/isvillafane-for.infd.edu.ar\/sitio\/1er-encuentro-de-vinculacion-de-los-isfd-y-t-zona-sur-de-la-provincia-de-formosa\/\">+<\/a><\/div><\/div><!-- wp-show-posts-inner --><\/article><article class=\" wp-show-posts-single post-815 post type-post status-publish format-standard hentry category-institucionales category-noticias wpsp-col-6\" itemtype=\"http:\/\/schema.org\/CreativeWork\" itemscope><div class=\"wp-show-posts-inner\" style=\"\">\t\t\t\t\t\t<header class=\"wp-show-posts-entry-header\">\n\t\t\t\t\t\t\t<h2 class=\"wp-show-posts-entry-title\" itemprop=\"headline\"><a href=\"https:\/\/isvillafane-for.infd.edu.ar\/sitio\/dia-del-profesor\/\" rel=\"bookmark\">D\u00eda del Profesor<\/a><\/h2><div class=\"wp-show-posts-entry-meta wp-show-posts-entry-meta-below-title post-meta-inline\"><span class=\"wp-show-posts-posted-on wp-show-posts-meta\">\n\t\t\t\t\t<a href=\"https:\/\/isvillafane-for.infd.edu.ar\/sitio\/dia-del-profesor\/\" title=\"12:00 am\" rel=\"bookmark\"><time class=\"wp-show-posts-entry-date published\" datetime=\"2011-09-16T00:00:00-03:00\" itemprop=\"datePublished\">16 septiembre, 2011<\/time><time class=\"wp-show-posts-updated\" datetime=\"2019-09-01T20:39:44-03:00\" itemprop=\"dateModified\">1 septiembre, 2019<\/time><\/a>\n\t\t\t\t<\/span><\/div>\t\t\t\t\t\t<\/header><!-- .entry-header -->\n\t\t\t\t\t\t\t\t\t\t\t<div class=\"wp-show-posts-entry-summary\" itemprop=\"text\">\n\t\t\t\t\t\t\t<p>D\u00eda del Profesor Acto por el d&iacute;a del Profesor &nbsp;El acto se realiz&oacute; el d&iacute;a 16 de setiembre en las instalaciones del Instituto,&nbsp; el homenaje fue destinado a docentes de&#8230;<\/p>\n\t\t\t\t\t\t<\/div><!-- .entry-summary -->\n\t\t\t\t\t<div class=\"wpsp-read-more\"><a title=\"D\u00eda del Profesor\" class=\"wp-show-posts-read-more\" href=\"https:\/\/isvillafane-for.infd.edu.ar\/sitio\/dia-del-profesor\/\">+<\/a><\/div><\/div><!-- wp-show-posts-inner --><\/article><article class=\" wp-show-posts-single post-814 post type-post status-publish format-standard hentry category-institucionales category-noticias wpsp-col-6\" itemtype=\"http:\/\/schema.org\/CreativeWork\" itemscope><div class=\"wp-show-posts-inner\" style=\"\">\t\t\t\t\t\t<header class=\"wp-show-posts-entry-header\">\n\t\t\t\t\t\t\t<h2 class=\"wp-show-posts-entry-title\" itemprop=\"headline\"><a href=\"https:\/\/isvillafane-for.infd.edu.ar\/sitio\/dia-del-maestro\/\" rel=\"bookmark\">D\u00eda del Maestro<\/a><\/h2><div class=\"wp-show-posts-entry-meta wp-show-posts-entry-meta-below-title post-meta-inline\"><span class=\"wp-show-posts-posted-on wp-show-posts-meta\">\n\t\t\t\t\t<a href=\"https:\/\/isvillafane-for.infd.edu.ar\/sitio\/dia-del-maestro\/\" title=\"12:00 am\" rel=\"bookmark\"><time class=\"wp-show-posts-entry-date published\" datetime=\"2011-09-09T00:00:00-03:00\" itemprop=\"datePublished\">9 septiembre, 2011<\/time><time class=\"wp-show-posts-updated\" datetime=\"2019-09-01T20:39:51-03:00\" itemprop=\"dateModified\">1 septiembre, 2019<\/time><\/a>\n\t\t\t\t<\/span><\/div>\t\t\t\t\t\t<\/header><!-- .entry-header -->\n\t\t\t\t\t\t\t\t\t\t\t<div class=\"wp-show-posts-entry-summary\" itemprop=\"text\">\n\t\t\t\t\t\t\t<p>D\u00eda del Maestro Acto por el d&iacute;a del maestro &nbsp;El acto se realiz&oacute; el d&iacute;a 09 de setiembre en las instalaciones del Instituto, en esta oportunidad se llev&oacute; a cabo&#8230;<\/p>\n\t\t\t\t\t\t<\/div><!-- .entry-summary -->\n\t\t\t\t\t<div class=\"wpsp-read-more\"><a title=\"D\u00eda del Maestro\" class=\"wp-show-posts-read-more\" href=\"https:\/\/isvillafane-for.infd.edu.ar\/sitio\/dia-del-maestro\/\">+<\/a><\/div><\/div><!-- wp-show-posts-inner --><\/article><div class=\"wpsp-clear\"><\/div><\/section><!-- .wp-show-posts --><br \/>\n\u25ca\u00a0 \u00a0CUE: 340067100<\/p>\n<p>\u25ca\u00a0 \u00a0LOCALIDAD:\u00a0 Mayor Villafa\u00f1e<\/p>\n<p>\u25ca\u00a0 \u00a0DEPARTAMENTO:\u00a0 Piran\u00e9<\/p>\n<p>\u25ca\u00a0 \u00a0DIRECCI\u00d3N:\u00a0 Avenida Independencia y Esteban Rys<\/p>\n<p>\u25ca\u00a0 \u00a0N\u00ba\u00a0 DE CONTACTO:\u00a0 3704- 648573<\/p>\n<p>\u25ca\u00a0 EMAIL:\u00a0 \u00a0mcye.isfdytalmenara@formosa.gob.ar<\/p>\n<div id=\"metaslider-id-403\" style=\"width: 100%;\" class=\"ml-slider-3-33-0 metaslider metaslider-flex metaslider-403 ml-slider ms-theme-default\" role=\"region\" aria-roledescription=\"Slideshow\" aria-label=\"Slideshow\">\n    <div id=\"metaslider_container_403\">\n        <div id=\"metaslider_403\" class=\"flexslider\">\n            <ul aria-live=\"polite\" class=\"slides\">\n                <li style=\"display: block; width: 100%;\" class=\"slide-607 ms-image\" aria-roledescription=\"slide\" aria-label=\"slide-607\"><a href=\"https:\/\/mapa.infd.edu.ar\/\" target=\"_blank\"><img src=\"https:\/\/isvillafane-for.infd.edu.ar\/sitio\/wp-content\/uploads\/2018\/06\/mapa_infd6-1100x200.png\" height=\"200\" width=\"1100\" alt=\"\" class=\"slider-403 slide-607\" title=\"mapa_infd6\" \/><\/a><\/li>\n                <li style=\"display: none; width: 100%;\" class=\"slide-609 ms-image\" aria-roledescription=\"slide\" aria-label=\"slide-609\"><a href=\"https:\/\/www.argentina.gob.ar\/educacion\/becas\" target=\"_blank\"><img src=\"https:\/\/isvillafane-for.infd.edu.ar\/sitio\/wp-content\/uploads\/2018\/06\/becas7-1100x200.png\" height=\"200\" width=\"1100\" alt=\"\" class=\"slider-403 slide-609\" title=\"becas7\" \/><\/a><\/li>\n                <li style=\"display: none; width: 100%;\" class=\"slide-635 ms-image\" aria-roledescription=\"slide\" aria-label=\"slide-635\"><a href=\"https:\/\/www.argentina.gob.ar\/tema\/estudiar\/formacion-docencia\" target=\"_blank\"><img src=\"https:\/\/isvillafane-for.infd.edu.ar\/sitio\/wp-content\/uploads\/2018\/06\/convocatorias_slide6-1-1100x200.png\" height=\"200\" width=\"1100\" alt=\"\" class=\"slider-403 slide-635\" title=\"convocatorias_slide6-1\" \/><\/a><\/li>\n            <\/ul>\n        <\/div>\n        \n    <\/div>\n<\/div>\n","protected":false},"excerpt":{"rendered":"<p>\u25ca\u00a0 \u00a0CUE: 340067100 \u25ca\u00a0 \u00a0LOCALIDAD:\u00a0 Mayor Villafa\u00f1e \u25ca\u00a0 \u00a0DEPARTAMENTO:\u00a0 Piran\u00e9 \u25ca\u00a0 \u00a0DIRECCI\u00d3N:\u00a0 Avenida Independencia y Esteban Rys \u25ca\u00a0 \u00a0N\u00ba\u00a0 DE CONTACTO:\u00a0 3704- 648573 \u25ca\u00a0 EMAIL:\u00a0 \u00a0mcye.isfdytalmenara@formosa.gob.ar<\/p>\n","protected":false},"author":1,"featured_media":0,"parent":0,"menu_order":0,"comment_status":"closed","ping_status":"closed","template":"","meta":[],"acf":[],"_links":{"self":[{"href":"https:\/\/isvillafane-for.infd.edu.ar\/sitio\/wp-json\/wp\/v2\/pages\/286"}],"collection":[{"href":"https:\/\/isvillafane-for.infd.edu.ar\/sitio\/wp-json\/wp\/v2\/pages"}],"about":[{"href":"https:\/\/isvillafane-for.infd.edu.ar\/sitio\/wp-json\/wp\/v2\/types\/page"}],"author":[{"embeddable":true,"href":"https:\/\/isvillafane-for.infd.edu.ar\/sitio\/wp-json\/wp\/v2\/users\/1"}],"replies":[{"embeddable":true,"href":"https:\/\/isvillafane-for.infd.edu.ar\/sitio\/wp-json\/wp\/v2\/comments?post=286"}],"version-history":[{"count":92,"href":"https:\/\/isvillafane-for.infd.edu.ar\/sitio\/wp-json\/wp\/v2\/pages\/286\/revisions"}],"predecessor-version":[{"id":1487,"href":"https:\/\/isvillafane-for.infd.edu.ar\/sitio\/wp-json\/wp\/v2\/pages\/286\/revisions\/1487"}],"wp:attachment":[{"href":"https:\/\/isvillafane-for.infd.edu.ar\/sitio\/wp-json\/wp\/v2\/media?parent=286"}],"curies":[{"name":"wp","href":"https:\/\/api.w.org\/{rel}","templated":true}]}}